{"id":300,"date":"2018-08-08T13:38:31","date_gmt":"2018-08-08T13:38:31","guid":{"rendered":"http:\/\/gerrit-mit-freude-am-leben.de\/?page_id=300"},"modified":"2018-10-29T21:18:52","modified_gmt":"2018-10-29T21:18:52","slug":"spiel-mit-mir","status":"publish","type":"page","link":"http:\/\/gerrit-mit-freude-am-leben.de\/?page_id=300","title":{"rendered":"Spiel mit mir"},"content":{"rendered":"\n<p>Gerrit spielt sehr gerne, am liebsten Uno, denn er kennt alle Farben und kann sie anderen durch Ger\u00e4usche oder Zeichen zeigen. Es gibt ein paar Worte, die er kennt, aber es sind nicht sehr viele. So kann er zum Beispiel &#8222;ja&#8220; sagen, und auch &#8222;Mama&#8220; und &#8222;Papa&#8220;.<\/p>\n\n\n\n<div class=\"wp-block-image\"><figure class=\"alignright is-resized\"><img loading=\"lazy\" decoding=\"async\" src=\"http:\/\/gerrit-mit-freude-am-leben.de\/wp-content\/uploads\/2018\/08\/Berlin-Juli-2018-64-1.jpg\" alt=\"\" class=\"wp-image-585\" width=\"252\" height=\"339\"\/><figcaption>Isi spielt mit Gerrit<\/figcaption><\/figure><\/div>\n\n\n\n<p>Die restliche Kommunikation gelingt Gerrit mit Mimik, vor allem mit seinen Augen. Nach oben schauen zum Beispiel hei\u00dft blau, weil dort der Himmel ist. Den Mund so bewegen, als w\u00fcrde er malmen, bedeutet gr\u00fcn, denn K\u00fche sind Wiederk\u00e4uer und fressen gr\u00fcnes Gras. Beim Uno-Spielen steht das Wort Mama f\u00fcr die Farbe gelb, weil sie ihre Lieblingsfarbe ist. So hat Gerrit seine Zeichen f\u00fcr Farben, und die Familie oder das Pflegeteam kann mit ihm spielen. Nat\u00fcrlich gibt es noch viele andere Spiele, die Gerrit mag, zum Beispiel Memory. Darin ist er gut; er signalisiert dann mit den Augen, welches Paar passt, das kann er sehr gut.<\/p>\n\n\n\n<p><strong>Spa\u00df an Krach und Action<\/strong><\/p>\n\n\n\n<div class=\"wp-block-image\"><figure class=\"alignleft\"><img loading=\"lazy\" decoding=\"async\" width=\"1000\" height=\"668\" src=\"http:\/\/gerrit-mit-freude-am-leben.de\/wp-content\/uploads\/2018\/09\/20180904-750_2775-Portraitfotos-mit-Anzug-2018-1.jpg\" alt=\"\" class=\"wp-image-1126\" srcset=\"http:\/\/gerrit-mit-freude-am-leben.de\/wp-content\/uploads\/2018\/09\/20180904-750_2775-Portraitfotos-mit-Anzug-2018-1.jpg 1000w, http:\/\/gerrit-mit-freude-am-leben.de\/wp-content\/uploads\/2018\/09\/20180904-750_2775-Portraitfotos-mit-Anzug-2018-1-300x200.jpg 300w, http:\/\/gerrit-mit-freude-am-leben.de\/wp-content\/uploads\/2018\/09\/20180904-750_2775-Portraitfotos-mit-Anzug-2018-1-768x513.jpg 768w\" sizes=\"auto, (max-width: 1000px) 100vw, 1000px\" \/><figcaption>Gerrits Carrera Bahn<\/figcaption><\/figure><\/div>\n\n\n\n<p><\/p>\n\n\n\n<p><\/p>\n\n\n\n<p>Gerrit hat unter anderem eine gro\u00dfe Carrera-Rennbahn, mit der er gerne spielt. Er findet es toll, wenn die Autos aus der Bahn fliegen und es ordentlich Krach macht, wie jeder Junge. Gerrit ist technisch sehr interessiert in dem Ma\u00dfe, wie er es kann, und so mag er alles, was laut ist. Ralf, der selbst f\u00fcnf Kinder gro\u00dfgezogen hat, wei\u00df, was heranwachsende Jungen interessiert. Er versucht, Gerrit alles zu geben, was ein Junge seines Alters braucht.<\/p>\n\n\n\n<p><\/p>\n\n\n\n<p>Obwohl Gerrit eingeschr\u00e4nkt ist, kann er das Leben jeden Tag mit Freude genie\u00dfen und es gibt vieles, das ihn interessiert. Die beiden Pfleger Florian und Isi lassen sich immer wieder etwas einfallen, was Gerrit gef\u00e4llt. Die Familie hat den ganzen Tag viel zu tun, k\u00fcmmert sich um Bestellungen, die Organisation der Aktivit\u00e4ten und der Pflege. Da kommt das Spielen mit Gerrit oft zu kurz, und wer zum Team dazukommt, k\u00f6nnte hier eine Menge Hilfe leisten.<\/p>\n","protected":false},"excerpt":{"rendered":"<p>Gerrit spielt sehr gerne, am liebsten Uno, denn er kennt alle Farben und kann sie anderen durch Ger\u00e4usche oder Zeichen zeigen. Es gibt ein paar Worte, die er kennt, aber<\/p>\n","protected":false},"author":1,"featured_media":0,"parent":0,"menu_order":0,"comment_status":"closed","ping_status":"closed","template":"","meta":{"footnotes":""},"class_list":["post-300","page","type-page","status-publish","hentry"],"_links":{"self":[{"href":"http:\/\/gerrit-mit-freude-am-leben.de\/index.php?rest_route=\/wp\/v2\/pages\/300","targetHints":{"allow":["GET"]}}],"collection":[{"href":"http:\/\/gerrit-mit-freude-am-leben.de\/index.php?rest_route=\/wp\/v2\/pages"}],"about":[{"href":"http:\/\/gerrit-mit-freude-am-leben.de\/index.php?rest_route=\/wp\/v2\/types\/page"}],"author":[{"embeddable":true,"href":"http:\/\/gerrit-mit-freude-am-leben.de\/index.php?rest_route=\/wp\/v2\/users\/1"}],"replies":[{"embeddable":true,"href":"http:\/\/gerrit-mit-freude-am-leben.de\/index.php?rest_route=%2Fwp%2Fv2%2Fcomments&post=300"}],"version-history":[{"count":15,"href":"http:\/\/gerrit-mit-freude-am-leben.de\/index.php?rest_route=\/wp\/v2\/pages\/300\/revisions"}],"predecessor-version":[{"id":1184,"href":"http:\/\/gerrit-mit-freude-am-leben.de\/index.php?rest_route=\/wp\/v2\/pages\/300\/revisions\/1184"}],"wp:attachment":[{"href":"http:\/\/gerrit-mit-freude-am-leben.de\/index.php?rest_route=%2Fwp%2Fv2%2Fmedia&parent=300"}],"curies":[{"name":"wp","href":"https:\/\/api.w.org\/{rel}","templated":true}]}}