{"id":293,"date":"2018-08-07T09:58:59","date_gmt":"2018-08-07T09:58:59","guid":{"rendered":"http:\/\/gerrit-mit-freude-am-leben.de\/?page_id=293"},"modified":"2018-09-16T09:22:40","modified_gmt":"2018-09-16T09:22:40","slug":"gerrit-und-das-wasser-2","status":"publish","type":"page","link":"http:\/\/gerrit-mit-freude-am-leben.de\/?page_id=293","title":{"rendered":"Gerrit und das Wasser"},"content":{"rendered":"\n<div class=\"wp-block-image\"><figure class=\"alignright is-resized\"><img loading=\"lazy\" decoding=\"async\" src=\"http:\/\/gerrit-mit-freude-am-leben.de\/wp-content\/uploads\/2018\/08\/Berlin-Juli-2018-41-1.jpg\" alt=\"\" class=\"wp-image-204\" width=\"310\" height=\"310\" srcset=\"http:\/\/gerrit-mit-freude-am-leben.de\/wp-content\/uploads\/2018\/08\/Berlin-Juli-2018-41-1.jpg 544w, http:\/\/gerrit-mit-freude-am-leben.de\/wp-content\/uploads\/2018\/08\/Berlin-Juli-2018-41-1-150x150.jpg 150w, http:\/\/gerrit-mit-freude-am-leben.de\/wp-content\/uploads\/2018\/08\/Berlin-Juli-2018-41-1-300x300.jpg 300w\" sizes=\"auto, (max-width: 310px) 100vw, 310px\" \/><figcaption>Auf dem stillen See in Erbach<\/figcaption><\/figure><\/div>\n\n\n\n<p>Wasser hat f\u00fcr Gerrit eine enorme Anziehungskraft und spielt in seinem Leben eine gro\u00dfe Rolle. Er hat mehr mit Wasser in diversen Variationen zu tun, als man es bei einem Menschen vermuten w\u00fcrde, der querschnittsgel\u00e4hmt und an Maschinen gefesselt ist. Ob in Erbach am See oder an einem der vielen Urlaubsorte, ob am Meer oder am Pool &#8211; immer zieht es Gerrit an das oder in das Wasser. Wenn er nicht hinein kann, genie\u00dft er es, auf der Luftmatratze zu liegen, mit dem Boot gefahren zu werden oder mit einem Dreirad, das extra f\u00fcr Fahrten auf Sand gebaut wurde, am Meeresrand entlang geschoben zu werden. Dazu kommt der Kontakt mit Wasser unter der Dusche oder, ein gro\u00dfer Spa\u00df, wenn er im Garten unter den Wassersprenkler geschoben wird.<\/p>\n\n\n\n<p style=\"color:#ffffff;font-size:17px\">&#8211;<\/p>\n\n\n\n<div class=\"wp-block-image\"><figure class=\"alignleft is-resized\"><img loading=\"lazy\" decoding=\"async\" src=\"http:\/\/gerrit-mit-freude-am-leben.de\/wp-content\/uploads\/2018\/08\/Berlin-Juli-2018-50.jpg\" alt=\"\" class=\"wp-image-93\" width=\"332\" height=\"248\" srcset=\"http:\/\/gerrit-mit-freude-am-leben.de\/wp-content\/uploads\/2018\/08\/Berlin-Juli-2018-50.jpg 567w, http:\/\/gerrit-mit-freude-am-leben.de\/wp-content\/uploads\/2018\/08\/Berlin-Juli-2018-50-300x225.jpg 300w\" sizes=\"auto, (max-width: 332px) 100vw, 332px\" \/><figcaption>Abk\u00fchlung\u00a0 an warmen Sommertagen<\/figcaption><\/figure><\/div>\n\n\n\n<p>Es ist jedes Mal eine Herausforderung, mit Gerrit ins Wasser zu gehen. Nicht jeder kann dies leisten, es gibt vieles zu bedenken und es bedarf auch einiger Erfahrung: Die Beatmung muss l\u00fcckenlos gew\u00e4hrleistet sein, das Stoma darf nicht geflutet werden und die Maschinen sind vor Sonne, Sand und Wasser zu sch\u00fctzen.<\/p>\n\n\n\n<p><strong><\/strong><\/p>\n\n\n\n<p><strong><\/strong><\/p>\n\n\n\n<p><strong><\/strong><\/p>\n\n\n\n<p><\/p>\n\n\n\n<p><strong>Die Temperatur immer beachten<\/strong><\/p>\n\n\n\n<p>Gerrits K\u00f6rpertemperatur ist am besten in den Griff zu bekommen, wenn er h\u00e4ufig im Wasser sein kann. Dies gilt insbesondere im Sommer und bei Reisen in warme, tropische L\u00e4nder. Denn das Kontrollzentrum f\u00fcr die Temperatur des Menschen liegt unterhalb von Gerrits L\u00e4hmungsh\u00f6he. Das bedeutet, dass die Temperatur bei Hitze schnell ansteigt und bei K\u00e4lte schnell absinkt. F\u00fcr Gerrits Wohlbefinden ist dies nat\u00fcrlich sehr unangenehm in vielerlei Hinsicht. Es gilt also, seine K\u00f6rpertemperatur st\u00e4ndig zu beobachten und sofort entgegenzuwirken, wenn er zu kalt oder zu warm wird. Der gro\u00dfe Aufwand, den dies nach sich zieht, ist aber Gerrits Wohlbefinden und ein L\u00e4cheln von ihm wert.<\/p>\n\n\n\n<div class=\"wp-block-image\"><figure class=\"alignright is-resized\"><img loading=\"lazy\" decoding=\"async\" src=\"http:\/\/gerrit-mit-freude-am-leben.de\/wp-content\/uploads\/2018\/08\/Berlin-Juli-2018-130.jpg\" alt=\"\" class=\"wp-image-173\" width=\"257\" height=\"257\" srcset=\"http:\/\/gerrit-mit-freude-am-leben.de\/wp-content\/uploads\/2018\/08\/Berlin-Juli-2018-130.jpg 480w, http:\/\/gerrit-mit-freude-am-leben.de\/wp-content\/uploads\/2018\/08\/Berlin-Juli-2018-130-150x150.jpg 150w, http:\/\/gerrit-mit-freude-am-leben.de\/wp-content\/uploads\/2018\/08\/Berlin-Juli-2018-130-300x300.jpg 300w\" sizes=\"auto, (max-width: 257px) 100vw, 257px\" \/><figcaption>Gerrit und Ralf lassen sich treiben<\/figcaption><\/figure><\/div>\n\n\n\n<p style=\"color:#ffffff\">&#8211;<\/p>\n\n\n\n<p>Nicht zu vergessen: Die viele Zeit an den Pools oder am See in Erbach, die abendlichen Strandspazierfahrten im seichten Wasser des indischen Ozeans bei untergehender Sonne &#8211; all dies ist nicht nur f\u00fcr Gerrit selbst, sondern auch f\u00fcr seine Familie, seine Freunde und das Pflegeteam, das ihn begleitet, ein Genuss und pure Lebensfreude!<\/p>\n\n\n\n<p><\/p>\n\n\n\n<p><\/p>\n\n\n\n<p><\/p>\n\n\n\n<ul class=\"wp-block-gallery columns-3 is-cropped wp-block-gallery-1 is-layout-flex wp-block-gallery-is-layout-flex\"><li class=\"blocks-gallery-item\"><figure><img loading=\"lazy\" decoding=\"async\" width=\"1491\" height=\"839\" src=\"http:\/\/gerrit-mit-freude-am-leben.de\/wp-content\/uploads\/2018\/08\/Berlin-Juli-2018-125.jpg\" alt=\"\" data-id=\"168\" data-link=\"http:\/\/gerrit-mit-freude-am-leben.de\/?attachment_id=168\" class=\"wp-image-168\" srcset=\"http:\/\/gerrit-mit-freude-am-leben.de\/wp-content\/uploads\/2018\/08\/Berlin-Juli-2018-125.jpg 1491w, http:\/\/gerrit-mit-freude-am-leben.de\/wp-content\/uploads\/2018\/08\/Berlin-Juli-2018-125-300x169.jpg 300w, http:\/\/gerrit-mit-freude-am-leben.de\/wp-content\/uploads\/2018\/08\/Berlin-Juli-2018-125-768x432.jpg 768w, http:\/\/gerrit-mit-freude-am-leben.de\/wp-content\/uploads\/2018\/08\/Berlin-Juli-2018-125-1024x576.jpg 1024w, http:\/\/gerrit-mit-freude-am-leben.de\/wp-content\/uploads\/2018\/08\/Berlin-Juli-2018-125-748x421.jpg 748w\" sizes=\"auto, (max-width: 1491px) 100vw, 1491px\" \/><figcaption>Die Aussicht genie\u00dfen<\/figcaption><\/figure><\/li><li class=\"blocks-gallery-item\"><figure><img loading=\"lazy\" decoding=\"async\" width=\"458\" height=\"640\" src=\"http:\/\/gerrit-mit-freude-am-leben.de\/wp-content\/uploads\/2018\/08\/Berlin-Juli-2018-77.jpg\" alt=\"\" data-id=\"120\" data-link=\"http:\/\/gerrit-mit-freude-am-leben.de\/?attachment_id=120\" class=\"wp-image-120\" srcset=\"http:\/\/gerrit-mit-freude-am-leben.de\/wp-content\/uploads\/2018\/08\/Berlin-Juli-2018-77.jpg 458w, http:\/\/gerrit-mit-freude-am-leben.de\/wp-content\/uploads\/2018\/08\/Berlin-Juli-2018-77-215x300.jpg 215w\" sizes=\"auto, (max-width: 458px) 100vw, 458px\" \/><figcaption>K\u00e4pt\u00b4n Gerrit<\/figcaption><\/figure><\/li><li class=\"blocks-gallery-item\"><figure><img loading=\"lazy\" decoding=\"async\" width=\"374\" height=\"499\" src=\"http:\/\/gerrit-mit-freude-am-leben.de\/wp-content\/uploads\/2018\/08\/Berlin-Juli-2018-49.jpg\" alt=\"\" data-id=\"92\" data-link=\"http:\/\/gerrit-mit-freude-am-leben.de\/?attachment_id=92\" class=\"wp-image-92\" srcset=\"http:\/\/gerrit-mit-freude-am-leben.de\/wp-content\/uploads\/2018\/08\/Berlin-Juli-2018-49.jpg 374w, http:\/\/gerrit-mit-freude-am-leben.de\/wp-content\/uploads\/2018\/08\/Berlin-Juli-2018-49-225x300.jpg 225w\" sizes=\"auto, (max-width: 374px) 100vw, 374px\" \/><figcaption>Gemeinsames Baden<\/figcaption><\/figure><\/li><li class=\"blocks-gallery-item\"><figure><img loading=\"lazy\" decoding=\"async\" width=\"640\" height=\"480\" src=\"http:\/\/gerrit-mit-freude-am-leben.de\/wp-content\/uploads\/2018\/08\/Berlin-Juli-2018-16.jpg\" alt=\"\" data-id=\"59\" data-link=\"http:\/\/gerrit-mit-freude-am-leben.de\/?attachment_id=59\" class=\"wp-image-59\" srcset=\"http:\/\/gerrit-mit-freude-am-leben.de\/wp-content\/uploads\/2018\/08\/Berlin-Juli-2018-16.jpg 640w, http:\/\/gerrit-mit-freude-am-leben.de\/wp-content\/uploads\/2018\/08\/Berlin-Juli-2018-16-300x225.jpg 300w\" sizes=\"auto, (max-width: 640px) 100vw, 640px\" \/><figcaption>Vorsicht in der Sonne<\/figcaption><\/figure><\/li><li class=\"blocks-gallery-item\"><figure><img loading=\"lazy\" decoding=\"async\" width=\"480\" height=\"480\" src=\"http:\/\/gerrit-mit-freude-am-leben.de\/wp-content\/uploads\/2018\/08\/Berlin-Juli-2018-3.jpg\" alt=\"\" data-id=\"46\" data-link=\"http:\/\/gerrit-mit-freude-am-leben.de\/?attachment_id=46\" class=\"wp-image-46\" srcset=\"http:\/\/gerrit-mit-freude-am-leben.de\/wp-content\/uploads\/2018\/08\/Berlin-Juli-2018-3.jpg 480w, http:\/\/gerrit-mit-freude-am-leben.de\/wp-content\/uploads\/2018\/08\/Berlin-Juli-2018-3-150x150.jpg 150w, http:\/\/gerrit-mit-freude-am-leben.de\/wp-content\/uploads\/2018\/08\/Berlin-Juli-2018-3-300x300.jpg 300w\" sizes=\"auto, (max-width: 480px) 100vw, 480px\" \/><figcaption>Die Balance halten<\/figcaption><\/figure><\/li><li class=\"blocks-gallery-item\"><figure><img loading=\"lazy\" decoding=\"async\" width=\"480\" height=\"480\" src=\"http:\/\/gerrit-mit-freude-am-leben.de\/wp-content\/uploads\/2018\/08\/Berlin-Juli-2018-4.jpg\" alt=\"\" data-id=\"47\" data-link=\"http:\/\/gerrit-mit-freude-am-leben.de\/?attachment_id=47\" class=\"wp-image-47\" srcset=\"http:\/\/gerrit-mit-freude-am-leben.de\/wp-content\/uploads\/2018\/08\/Berlin-Juli-2018-4.jpg 480w, http:\/\/gerrit-mit-freude-am-leben.de\/wp-content\/uploads\/2018\/08\/Berlin-Juli-2018-4-150x150.jpg 150w, http:\/\/gerrit-mit-freude-am-leben.de\/wp-content\/uploads\/2018\/08\/Berlin-Juli-2018-4-300x300.jpg 300w\" sizes=\"auto, (max-width: 480px) 100vw, 480px\" \/><figcaption>Entspannen zu zweit<\/figcaption><\/figure><\/li><li class=\"blocks-gallery-item\"><figure><img loading=\"lazy\" decoding=\"async\" width=\"629\" height=\"472\" src=\"http:\/\/gerrit-mit-freude-am-leben.de\/wp-content\/uploads\/2018\/08\/Berlin-Juli-2018-23-1.jpg\" alt=\"\" data-id=\"191\" data-link=\"http:\/\/gerrit-mit-freude-am-leben.de\/?attachment_id=191\" class=\"wp-image-191\" srcset=\"http:\/\/gerrit-mit-freude-am-leben.de\/wp-content\/uploads\/2018\/08\/Berlin-Juli-2018-23-1.jpg 629w, http:\/\/gerrit-mit-freude-am-leben.de\/wp-content\/uploads\/2018\/08\/Berlin-Juli-2018-23-1-300x225.jpg 300w\" sizes=\"auto, (max-width: 629px) 100vw, 629px\" \/><figcaption>Planschen im Pool<\/figcaption><\/figure><\/li><li class=\"blocks-gallery-item\"><figure><img loading=\"lazy\" decoding=\"async\" width=\"480\" height=\"480\" src=\"http:\/\/gerrit-mit-freude-am-leben.de\/wp-content\/uploads\/2018\/08\/Berlin-Juli-2018-117.jpg\" alt=\"\" data-id=\"160\" data-link=\"http:\/\/gerrit-mit-freude-am-leben.de\/?attachment_id=160\" class=\"wp-image-160\" srcset=\"http:\/\/gerrit-mit-freude-am-leben.de\/wp-content\/uploads\/2018\/08\/Berlin-Juli-2018-117.jpg 480w, http:\/\/gerrit-mit-freude-am-leben.de\/wp-content\/uploads\/2018\/08\/Berlin-Juli-2018-117-150x150.jpg 150w, http:\/\/gerrit-mit-freude-am-leben.de\/wp-content\/uploads\/2018\/08\/Berlin-Juli-2018-117-300x300.jpg 300w\" sizes=\"auto, (max-width: 480px) 100vw, 480px\" \/><figcaption>Ralf passt immer auf<\/figcaption><\/figure><\/li><li class=\"blocks-gallery-item\"><figure><img loading=\"lazy\" decoding=\"async\" width=\"557\" height=\"418\" src=\"http:\/\/gerrit-mit-freude-am-leben.de\/wp-content\/uploads\/2018\/08\/Berlin-Juli-2018-56.jpg\" alt=\"\" data-id=\"99\" data-link=\"http:\/\/gerrit-mit-freude-am-leben.de\/?attachment_id=99\" class=\"wp-image-99\" srcset=\"http:\/\/gerrit-mit-freude-am-leben.de\/wp-content\/uploads\/2018\/08\/Berlin-Juli-2018-56.jpg 557w, http:\/\/gerrit-mit-freude-am-leben.de\/wp-content\/uploads\/2018\/08\/Berlin-Juli-2018-56-300x225.jpg 300w\" sizes=\"auto, (max-width: 557px) 100vw, 557px\" \/><figcaption>Freuden mit Freunden<\/figcaption><\/figure><\/li><\/ul>\n\n\n\n<p><\/p>\n\n\n\n<p><\/p>\n\n\n\n<p><\/p>\n","protected":false},"excerpt":{"rendered":"<p>Wasser hat f\u00fcr Gerrit eine enorme Anziehungskraft und spielt in seinem Leben eine gro\u00dfe Rolle. Er hat mehr mit Wasser in diversen Variationen zu tun, als man es bei einem<\/p>\n","protected":false},"author":1,"featured_media":0,"parent":0,"menu_order":0,"comment_status":"closed","ping_status":"closed","template":"","meta":{"footnotes":""},"class_list":["post-293","page","type-page","status-publish","hentry"],"_links":{"self":[{"href":"http:\/\/gerrit-mit-freude-am-leben.de\/index.php?rest_route=\/wp\/v2\/pages\/293","targetHints":{"allow":["GET"]}}],"collection":[{"href":"http:\/\/gerrit-mit-freude-am-leben.de\/index.php?rest_route=\/wp\/v2\/pages"}],"about":[{"href":"http:\/\/gerrit-mit-freude-am-leben.de\/index.php?rest_route=\/wp\/v2\/types\/page"}],"author":[{"embeddable":true,"href":"http:\/\/gerrit-mit-freude-am-leben.de\/index.php?rest_route=\/wp\/v2\/users\/1"}],"replies":[{"embeddable":true,"href":"http:\/\/gerrit-mit-freude-am-leben.de\/index.php?rest_route=%2Fwp%2Fv2%2Fcomments&post=293"}],"version-history":[{"count":40,"href":"http:\/\/gerrit-mit-freude-am-leben.de\/index.php?rest_route=\/wp\/v2\/pages\/293\/revisions"}],"predecessor-version":[{"id":1003,"href":"http:\/\/gerrit-mit-freude-am-leben.de\/index.php?rest_route=\/wp\/v2\/pages\/293\/revisions\/1003"}],"wp:attachment":[{"href":"http:\/\/gerrit-mit-freude-am-leben.de\/index.php?rest_route=%2Fwp%2Fv2%2Fmedia&parent=293"}],"curies":[{"name":"wp","href":"https:\/\/api.w.org\/{rel}","templated":true}]}}