{"id":2,"date":"2016-05-10T03:48:21","date_gmt":"2016-05-10T03:48:21","guid":{"rendered":"http:\/\/gerrit-mit-freude-am-leben.de\/?page_id=2"},"modified":"2018-09-16T10:36:47","modified_gmt":"2018-09-16T10:36:47","slug":"sample-page","status":"publish","type":"page","link":"http:\/\/gerrit-mit-freude-am-leben.de\/","title":{"rendered":"Hallo, ich bin Gerrit"},"content":{"rendered":"\n<div class=\"wp-block-image\"><figure class=\"alignleft\"><img loading=\"lazy\" decoding=\"async\" width=\"424\" height=\"424\" src=\"http:\/\/gerrit-mit-freude-am-leben.de\/wp-content\/uploads\/2018\/08\/Berlin-Juli-2018-30.jpg\" alt=\"\" class=\"wp-image-73\" srcset=\"http:\/\/gerrit-mit-freude-am-leben.de\/wp-content\/uploads\/2018\/08\/Berlin-Juli-2018-30.jpg 424w, http:\/\/gerrit-mit-freude-am-leben.de\/wp-content\/uploads\/2018\/08\/Berlin-Juli-2018-30-150x150.jpg 150w, http:\/\/gerrit-mit-freude-am-leben.de\/wp-content\/uploads\/2018\/08\/Berlin-Juli-2018-30-300x300.jpg 300w\" sizes=\"auto, (max-width: 424px) 100vw, 424px\" \/><figcaption>Baden mit f\u00fcnf von 300 Quietsche-Enten<\/figcaption><\/figure><\/div>\n\n\n\n<p><\/p>\n\n\n\n<p>Ich bin 21 Jahre alt und sitze im Rollstuhl. Obwohl ich vom zweiten Halswirbel an gel\u00e4hmt bin, genie\u00dfe ich das Leben und erlebe jeden Tag wundersch\u00f6ne Momente. Meine Mama Sybille, mein Ersatzpapa Ralf, seit 2006\u00a0 der neune Lebensgef\u00e4hrte meiner Mama und meine \u00e4ltere Schwester Valeska k\u00fcmmern sich um mich und sorgen daf\u00fcr, dass ich ein abwechslungsreiches und gl\u00fcckliches Leben f\u00fchre.<\/p>\n\n\n\n<p style=\"color:#ffffff;font-size:27px\">&#8211;<\/p>\n\n\n\n<p><\/p>\n\n\n\n<div class=\"wp-block-image\"><figure class=\"alignright is-resized\"><img loading=\"lazy\" decoding=\"async\" src=\"http:\/\/gerrit-mit-freude-am-leben.de\/wp-content\/uploads\/2018\/08\/Berlin-Juli-2018-6.jpg\" alt=\"\" class=\"wp-image-49\" width=\"232\" height=\"309\" srcset=\"http:\/\/gerrit-mit-freude-am-leben.de\/wp-content\/uploads\/2018\/08\/Berlin-Juli-2018-6.jpg 448w, http:\/\/gerrit-mit-freude-am-leben.de\/wp-content\/uploads\/2018\/08\/Berlin-Juli-2018-6-225x300.jpg 225w\" sizes=\"auto, (max-width: 232px) 100vw, 232px\" \/><figcaption>Gerrit und Ralf am Bootsteg<\/figcaption><\/figure><\/div>\n\n\n<p>Ich lebe in Achstetten in der N\u00e4he von Ulm, aber meine Familie, mein Team und ich sind auch h\u00e4ufig in unserem Ferienh\u00e4uschen in Erbach am Baggersee. In beiden H\u00e4usern gibt es Zimmer, die mit allem ausgestattet sind, was f\u00fcr meine Pflege n\u00f6tig ist. So f\u00fchle ich mich wohl und kann sicher betreut werden. Zuhause in Achstetten gibt es sogar einen eigenen Raum f\u00fcr das Pflegeteam mit einem \u00dcberwachungssystem und Monitor, so dass ich immer unter Beobachtung bin und mir nichts passieren kann.<span class=\"Apple-converted-space\">&nbsp;<\/span><\/p>\n\n\n<p>Mein Tagesablauf ist regelm\u00e4\u00dfig, aber da meine Familie und ich oft Ausfl\u00fcge machen und wir auch lange in den Urlaub fahren, gibt es immer Abwechslung. Dieses Jahr zum Beispiel haben wir wieder die Toscana besucht, und sogar auf den Mauritius waren wir schon. Mein Pflegeteam begleitet uns \u00fcberall hin, was ich toll finde, denn die Pfleger und Pflegerinnen sind bei uns voll integriert in das Familienleben und in alles, was wir unternehmen.<\/p>\n\n\n\n<p><strong>Immer ein volles Haus<\/strong><\/p>\n\n\n\n<div class=\"wp-block-image\"><figure class=\"alignleft is-resized\"><img loading=\"lazy\" decoding=\"async\" src=\"http:\/\/gerrit-mit-freude-am-leben.de\/wp-content\/uploads\/2018\/08\/Berlin-Juli-2018-5-1.jpg\" alt=\"\" class=\"wp-image-199\" width=\"305\" height=\"228\" srcset=\"http:\/\/gerrit-mit-freude-am-leben.de\/wp-content\/uploads\/2018\/08\/Berlin-Juli-2018-5-1.jpg 631w, http:\/\/gerrit-mit-freude-am-leben.de\/wp-content\/uploads\/2018\/08\/Berlin-Juli-2018-5-1-300x225.jpg 300w\" sizes=\"auto, (max-width: 305px) 100vw, 305px\" \/><figcaption>Im Ferienh\u00e4uschen ist alles auf Gerrit eingestellt<\/figcaption><\/figure><\/div>\n\n\n\n<p>So oft wie m\u00f6glich sind wir drau\u00dfen in der Natur, denn das liebe ich besonders. Sowohl in Achstetten als auch in Erbach haben wir einen gro\u00dfen, wundersch\u00f6nen Garten. 2019 planen meine Eltern sogar eine Au\u00dfenk\u00fcche am Ferienhaus, so dass drau\u00dfen nicht nur gegrillt, sondern auch gekocht werden kann und genug Platz ist f\u00fcr unsere vielen G\u00e4ste. Meine Eltern sorgen immer f\u00fcr ein volles Haus und tolle Gesellschaft f\u00fcr mich, darum haben wir oft Besuch von Freunden und Bekannten. Bei uns ist immer etwas los, und meine Pfleger und Pflegerinnen sind immer dabei, wenn es etwas zu erleben oder zu feiern gibt.<\/p>\n\n\n\n<p style=\"color:#faf9fc\">&#8212;<\/p>\n\n\n\n<div class=\"wp-block-image\"><figure class=\"alignright is-resized\"><img loading=\"lazy\" decoding=\"async\" src=\"http:\/\/gerrit-mit-freude-am-leben.de\/wp-content\/uploads\/2018\/08\/Gerrit-Weisshaupt-2-von-2-3.jpg\" alt=\"\" class=\"wp-image-533\" width=\"345\" height=\"235\" srcset=\"http:\/\/gerrit-mit-freude-am-leben.de\/wp-content\/uploads\/2018\/08\/Gerrit-Weisshaupt-2-von-2-3.jpg 845w, http:\/\/gerrit-mit-freude-am-leben.de\/wp-content\/uploads\/2018\/08\/Gerrit-Weisshaupt-2-von-2-3-300x203.jpg 300w, http:\/\/gerrit-mit-freude-am-leben.de\/wp-content\/uploads\/2018\/08\/Gerrit-Weisshaupt-2-von-2-3-768x520.jpg 768w\" sizes=\"auto, (max-width: 345px) 100vw, 345px\" \/><figcaption>Flippi mag\u00b4s flippig<\/figcaption><\/figure><\/div>\n\n\n\n<p>Nicht nur meine Familie und unsere Freunde bestimmen mein Leben, sondern auch die vielen Tiere, die uns im Alltag begleiten. Allen voran unser Norwich-Terrier Flippi, der schon zw\u00f6lf Jahre alt ist. Er ist zwar eigentlich ein Jagdhund, aber er ist so lieb und friedlich, dass er unsere Wildentenbabies auf seiner Decke schlafen l\u00e4sst und sich selbst daneben legt. Wir haben eine Brutmaschine, in der wir in den letzten Jahren Wildenten und -G\u00e4nse ausgebr\u00fctet und dann gro\u00df gezogen haben. In Erbach leben wilde Enten und G\u00e4nse mit uns wie Haustiere, und die Schw\u00e4ne Camilla und Charles kommen jeden Tag an unseren Steg, wo wir sie mit Brot f\u00fcttern. Ich liebe es, die Tiere zu beobachten, auch unsere gro\u00dfen, gescheckten Kois und unsere Zwerghasen Mrs. Hobbs, Nero, Schoki und Molli.<\/p>\n\n\n\n<div class=\"wp-block-image\"><figure class=\"alignleft is-resized\"><img loading=\"lazy\" decoding=\"async\" src=\"http:\/\/gerrit-mit-freude-am-leben.de\/wp-content\/uploads\/2018\/08\/Berlin-Juli-2018-27.jpg\" alt=\"\" class=\"wp-image-70\" width=\"368\" height=\"368\" srcset=\"http:\/\/gerrit-mit-freude-am-leben.de\/wp-content\/uploads\/2018\/08\/Berlin-Juli-2018-27.jpg 640w, http:\/\/gerrit-mit-freude-am-leben.de\/wp-content\/uploads\/2018\/08\/Berlin-Juli-2018-27-150x150.jpg 150w, http:\/\/gerrit-mit-freude-am-leben.de\/wp-content\/uploads\/2018\/08\/Berlin-Juli-2018-27-300x300.jpg 300w\" sizes=\"auto, (max-width: 368px) 100vw, 368px\" \/><figcaption>Den Strand-Buggy hat Ralf selbst umgebaut<\/figcaption><\/figure><\/div>\n\n\n\n<p><strong>Geliebter Mittelpunkt meiner Familie<\/strong><\/p>\n\n\n\n<p>Ich liebe das Meer und das Wasser im Allgemeinen. Wir haben zuhause ein beheiztes Schwimmbad, in das ich mich legen und abk\u00fchlen kann, und in Erbach fahre ich gern mit dem Boot \u00fcber den See. Wenn wir am Meer sind, zieht mich Ralf gern \u00fcber den Strand &#8211; daf\u00fcr haben wir ein riesiges, cooles Dreirad, das auf Sand rollen kann. Das machen auch manchmal Pfleger oder Pflegerinnen, die uns im Urlaub begleiten.<\/p>\n\n\n\n<p style=\"color:#fdfdff;font-size:19px\">&#8212;<\/p>\n\n\n\n<p>Trotz meiner k\u00f6rperlich Einschr\u00e4nkung bin ich ein fr\u00f6hlicher Mensch. Ich bin der Mittelpunkt meiner Umgebung, und ich f\u00fchle mich nie allein gelassen. Ich f\u00fchre ein besonderes Leben in einer besonderen Familie, in der sich alle auf mich eingestellt haben. Da jedoch immer sehr viele verschiedene Menschen um mich herum sind, dauert es eine Weile, bis ich Vertrauen fasse zu denen, die ich noch nicht kenne. Neue Gesichter sind mir am Anfang fremd, und ich brauche einige Zeit, bis ich mich an sie gew\u00f6hnt habe. Wenn ein neuer Pfleger oder eine neue Pflegerin im Team ist, muss ich ihn oder sie erst kennenlernen. Wen ich aber lieb gewonnen habe, den vergesse ich auch nicht wieder &#8211; und ich freue mich, wenn es neue Gesichter um mich herum gibt, mit denen ich Freundschaft schlie\u00dfen kann.<\/p>\n\n\n\n<p style=\"text-align:center\">_______<\/p>\n\n\n\n<p style=\"font-size:20px\" class=\"has-vivid-cyan-blue-color\"><a href=\"http:\/\/gerrit-mit-freude-am-leben.de\/?page_id=13\"><strong>Weiterlesen: Gerrits Geschichte &#8211; wie alles seinen Ursprung nahm<\/strong><\/a><\/p>\n\n\n\n<p style=\"font-size:20px\" class=\"has-vivid-cyan-blue-color\"><strong><a href=\"http:\/\/gerrit-mit-freude-am-leben.de\/?page_id=487\">Weiterlesen: Gerrits Familie<\/a><\/strong><\/p>\n","protected":false},"excerpt":{"rendered":"<p>Ich bin 21 Jahre alt und sitze im Rollstuhl. Obwohl ich vom zweiten Halswirbel an gel\u00e4hmt bin, genie\u00dfe ich das Leben und erlebe jeden Tag wundersch\u00f6ne Momente. Meine Mama Sybille,<\/p>\n","protected":false},"author":1,"featured_media":0,"parent":0,"menu_order":0,"comment_status":"closed","ping_status":"open","template":"","meta":{"footnotes":""},"class_list":["post-2","page","type-page","status-publish","hentry"],"_links":{"self":[{"href":"http:\/\/gerrit-mit-freude-am-leben.de\/index.php?rest_route=\/wp\/v2\/pages\/2","targetHints":{"allow":["GET"]}}],"collection":[{"href":"http:\/\/gerrit-mit-freude-am-leben.de\/index.php?rest_route=\/wp\/v2\/pages"}],"about":[{"href":"http:\/\/gerrit-mit-freude-am-leben.de\/index.php?rest_route=\/wp\/v2\/types\/page"}],"author":[{"embeddable":true,"href":"http:\/\/gerrit-mit-freude-am-leben.de\/index.php?rest_route=\/wp\/v2\/users\/1"}],"replies":[{"embeddable":true,"href":"http:\/\/gerrit-mit-freude-am-leben.de\/index.php?rest_route=%2Fwp%2Fv2%2Fcomments&post=2"}],"version-history":[{"count":65,"href":"http:\/\/gerrit-mit-freude-am-leben.de\/index.php?rest_route=\/wp\/v2\/pages\/2\/revisions"}],"predecessor-version":[{"id":1038,"href":"http:\/\/gerrit-mit-freude-am-leben.de\/index.php?rest_route=\/wp\/v2\/pages\/2\/revisions\/1038"}],"wp:attachment":[{"href":"http:\/\/gerrit-mit-freude-am-leben.de\/index.php?rest_route=%2Fwp%2Fv2%2Fmedia&parent=2"}],"curies":[{"name":"wp","href":"https:\/\/api.w.org\/{rel}","templated":true}]}}