{"id":190,"date":"2018-08-03T13:30:44","date_gmt":"2018-08-03T13:30:44","guid":{"rendered":"http:\/\/gerrit-mit-freude-am-leben.de\/?page_id=190"},"modified":"2018-09-16T09:03:55","modified_gmt":"2018-09-16T09:03:55","slug":"gerrit-und-das-wasser","status":"publish","type":"page","link":"http:\/\/gerrit-mit-freude-am-leben.de\/?page_id=190","title":{"rendered":"Gerrits Welt"},"content":{"rendered":"\n<p><\/p>\n\n\n\n<div class=\"wp-block-image\"><figure class=\"alignright is-resized\"><img loading=\"lazy\" decoding=\"async\" src=\"http:\/\/gerrit-mit-freude-am-leben.de\/wp-content\/uploads\/2018\/08\/Berlin-Juli-2018-131.jpg\" alt=\"\" class=\"wp-image-174\" width=\"407\" height=\"304\" srcset=\"http:\/\/gerrit-mit-freude-am-leben.de\/wp-content\/uploads\/2018\/08\/Berlin-Juli-2018-131.jpg 640w, http:\/\/gerrit-mit-freude-am-leben.de\/wp-content\/uploads\/2018\/08\/Berlin-Juli-2018-131-300x225.jpg 300w\" sizes=\"auto, (max-width: 407px) 100vw, 407px\" \/><figcaption>Ein schattiges Pl\u00e4tzchen am See<\/figcaption><\/figure><\/div>\n\n\n\n<p>Musik, Filme, Wasser sowie Freunde und Familie &#8211; das ist Gerrits Welt. Er genie\u00dft Feste, Konzerte und Gesellschaft, doch genauso liebt er es, an sch\u00f6nen Orten einfach nur zu schauen. Wenn sein Ersatzpapa Ralf mit ihm in den Wald geht, und die beiden einfach nur dort sitzen und relaxen, ist das f\u00fcr Gerrit ein besonderer Moment. Ein anderer ist so etwas einfaches wie Pizza essen gehen. Wenn er wei\u00df, dass er am n\u00e4chsten Tag mit Ralf Motorrad fahren darf, ist er am Abend vorher voller Vorfreude.<\/p>\n\n\n\n<p style=\"color:#fefeff\">&#8211;<\/p>\n\n\n\n<div class=\"wp-block-image\"><figure class=\"alignleft is-resized\"><img loading=\"lazy\" decoding=\"async\" src=\"http:\/\/gerrit-mit-freude-am-leben.de\/wp-content\/uploads\/2018\/08\/Berlin-Juli-2018-129.jpg\" alt=\"\" class=\"wp-image-172\" width=\"263\" height=\"197\" srcset=\"http:\/\/gerrit-mit-freude-am-leben.de\/wp-content\/uploads\/2018\/08\/Berlin-Juli-2018-129.jpg 641w, http:\/\/gerrit-mit-freude-am-leben.de\/wp-content\/uploads\/2018\/08\/Berlin-Juli-2018-129-300x225.jpg 300w\" sizes=\"auto, (max-width: 263px) 100vw, 263px\" \/><figcaption>Gerrit und seine Mama Sybille<\/figcaption><\/figure><\/div>\n\n\n\n<p><\/p>\n\n\n\n<p>F\u00fcr Gerrit, der die Welt nur \u00fcber das Gesicht wahrnehmen kann, sind schmusen und streicheln anders als f\u00fcr andere 21-J\u00e4hrige die eine M\u00f6glichkeit des K\u00f6perkontakts zu anderen Menschen. Er genie\u00dft es, wenn seine Mutter, seine Schwester und Ralf ihn streicheln oder abends im Bett mit ihm kuscheln, und Freunde und Bekannte streichen ihm zur Begr\u00fc\u00dfung oder zum Abschied \u00fcber die Wange oder den Kopf.<\/p>\n\n\n\n<p style=\"color:#f9f8fc\">&#8211;<\/p>\n\n\n\n<div class=\"wp-block-image\"><figure class=\"alignleft is-resized\"><img loading=\"lazy\" decoding=\"async\" src=\"http:\/\/gerrit-mit-freude-am-leben.de\/wp-content\/uploads\/2018\/08\/Berlin-Juli-2018-71.jpg\" alt=\"\" class=\"wp-image-114\" width=\"191\" height=\"255\" srcset=\"http:\/\/gerrit-mit-freude-am-leben.de\/wp-content\/uploads\/2018\/08\/Berlin-Juli-2018-71.jpg 480w, http:\/\/gerrit-mit-freude-am-leben.de\/wp-content\/uploads\/2018\/08\/Berlin-Juli-2018-71-225x300.jpg 225w\" sizes=\"auto, (max-width: 191px) 100vw, 191px\" \/><figcaption>Ausfl\u00fcge mit Wildg\u00e4nsen<\/figcaption><\/figure><\/div>\n\n\n\n<p><strong><\/strong><\/p>\n\n\n\n<p><strong>Eine besondere Familie\u00a0<\/strong><\/p>\n\n\n\n<p><\/p>\n\n\n\n<p>Gerrits Familie ist eine besondere Familie &#8211; nicht nur, weil Gerrit ein besonderes Leben lebt, sondern auch wegen der zahlreichen Tiere, die bei und mit ihnen leben: Der Hund Flippi, die G\u00e4nse Maja und Willi sowie die Wildenten Anton und Rita. Nicht zu vergessen die Zwerghasen und die vielen Koikarpfen.<\/p>\n\n\n\n<p style=\"color:#fefeff\">&#8211;<\/p>\n\n\n\n<p style=\"color:#ffffff\">&#8211;<\/p>\n\n\n\n<p style=\"color:#ffffff\">&#8211;<\/p>\n\n\n\n<div class=\"wp-block-image\"><figure class=\"alignright is-resized\"><img loading=\"lazy\" decoding=\"async\" src=\"http:\/\/gerrit-mit-freude-am-leben.de\/wp-content\/uploads\/2018\/08\/Berlin-Juli-2018-31-1.jpg\" alt=\"\" class=\"wp-image-202\" width=\"303\" height=\"303\" srcset=\"http:\/\/gerrit-mit-freude-am-leben.de\/wp-content\/uploads\/2018\/08\/Berlin-Juli-2018-31-1.jpg 611w, http:\/\/gerrit-mit-freude-am-leben.de\/wp-content\/uploads\/2018\/08\/Berlin-Juli-2018-31-1-150x150.jpg 150w, http:\/\/gerrit-mit-freude-am-leben.de\/wp-content\/uploads\/2018\/08\/Berlin-Juli-2018-31-1-300x300.jpg 300w\" sizes=\"auto, (max-width: 303px) 100vw, 303px\" \/><figcaption>Spa\u00df mit Wasser und Quietsche-Enten<br\/><\/figcaption><\/figure><\/div>\n\n\n\n<p>Zu Gerrits Welt geh\u00f6ren von Anfang an Stofftiere dazu, die f\u00fcr allerlei Scherze und Albernheiten sorgen und die auch n\u00fctzlich sind, weil sie Gerrits Lagerung und die Fixierung der Beatmungsschl\u00e4uche erleichtern. Dazu kommen noch Ralfs Quietsche-Enten: Seine Sammlung umfasst inzwischen \u00fcber 300 Exemplare, und es werden st\u00e4ndig mehr. Vor jedem Urlaub sucht Gerrit sich Quietsche-Enten aus, die ihn auf der Reise begleiten und sp\u00e4ter im Meer und im Pool mit von der Partie sind.<\/p>\n","protected":false},"excerpt":{"rendered":"<p>Musik, Filme, Wasser sowie Freunde und Familie &#8211; das ist Gerrits Welt. Er genie\u00dft Feste, Konzerte und Gesellschaft, doch genauso liebt er es, an sch\u00f6nen Orten einfach nur zu schauen.<\/p>\n","protected":false},"author":1,"featured_media":0,"parent":0,"menu_order":0,"comment_status":"closed","ping_status":"closed","template":"","meta":{"footnotes":""},"class_list":["post-190","page","type-page","status-publish","hentry"],"_links":{"self":[{"href":"http:\/\/gerrit-mit-freude-am-leben.de\/index.php?rest_route=\/wp\/v2\/pages\/190","targetHints":{"allow":["GET"]}}],"collection":[{"href":"http:\/\/gerrit-mit-freude-am-leben.de\/index.php?rest_route=\/wp\/v2\/pages"}],"about":[{"href":"http:\/\/gerrit-mit-freude-am-leben.de\/index.php?rest_route=\/wp\/v2\/types\/page"}],"author":[{"embeddable":true,"href":"http:\/\/gerrit-mit-freude-am-leben.de\/index.php?rest_route=\/wp\/v2\/users\/1"}],"replies":[{"embeddable":true,"href":"http:\/\/gerrit-mit-freude-am-leben.de\/index.php?rest_route=%2Fwp%2Fv2%2Fcomments&post=190"}],"version-history":[{"count":50,"href":"http:\/\/gerrit-mit-freude-am-leben.de\/index.php?rest_route=\/wp\/v2\/pages\/190\/revisions"}],"predecessor-version":[{"id":994,"href":"http:\/\/gerrit-mit-freude-am-leben.de\/index.php?rest_route=\/wp\/v2\/pages\/190\/revisions\/994"}],"wp:attachment":[{"href":"http:\/\/gerrit-mit-freude-am-leben.de\/index.php?rest_route=%2Fwp%2Fv2%2Fmedia&parent=190"}],"curies":[{"name":"wp","href":"https:\/\/api.w.org\/{rel}","templated":true}]}}