{"id":13,"date":"2018-08-01T08:53:43","date_gmt":"2018-08-01T08:53:43","guid":{"rendered":"http:\/\/gerrit-mit-freude-am-leben.de\/?page_id=13"},"modified":"2018-09-14T12:18:36","modified_gmt":"2018-09-14T12:18:36","slug":"gerrits-kindheit-und-schicksal","status":"publish","type":"page","link":"http:\/\/gerrit-mit-freude-am-leben.de\/?page_id=13","title":{"rendered":"Gerrits Geschichte"},"content":{"rendered":"\n<p style=\"color:#ffffff\">&#8212;<\/p>\n\n\n\n<p style=\"color:#ffffff\" class=\"has-small-font-size\">&#8211;<\/p>\n\n\n\n<div class=\"wp-block-image\"><figure class=\"alignright is-resized\"><img loading=\"lazy\" decoding=\"async\" src=\"http:\/\/gerrit-mit-freude-am-leben.de\/wp-content\/uploads\/2018\/08\/1-S\u00e4ugling.jpg\" alt=\"\" class=\"wp-image-38\" width=\"194\" height=\"259\" srcset=\"http:\/\/gerrit-mit-freude-am-leben.de\/wp-content\/uploads\/2018\/08\/1-S\u00e4ugling.jpg 239w, http:\/\/gerrit-mit-freude-am-leben.de\/wp-content\/uploads\/2018\/08\/1-S\u00e4ugling-224x300.jpg 224w\" sizes=\"auto, (max-width: 194px) 100vw, 194px\" \/><figcaption>Stets ein fr\u00f6hliches Baby<\/figcaption><\/figure><\/div>\n\n\n\n<p><\/p>\n\n\n\n<p>Gerrit Max kam am 14. Dezember 1997 um 16 Uhr in Ulm zur Welt. Die Schwangerschaft war normal verlaufen, die Geburt war unkompliziert und der kleine Gerrit wuchs schnell zu einem kerngesunden und putzmunteren Jungen heran. Seine sechseinhalb Jahre \u00e4ltere Schwester Valeska und er waren vom ersten Tag an ein Herz und eine Seele.<\/p>\n\n\n\n<p style=\"color:#ffffff\" class=\"has-small-font-size\">&#8211;<\/p>\n\n\n\n<ul class=\"wp-block-gallery alignleft columns-1 is-cropped wp-block-gallery-1 is-layout-flex wp-block-gallery-is-layout-flex\"><li class=\"blocks-gallery-item\"><figure><img loading=\"lazy\" decoding=\"async\" width=\"269\" height=\"318\" src=\"http:\/\/gerrit-mit-freude-am-leben.de\/wp-content\/uploads\/2018\/08\/3-Kleinkind-1.jpg\" alt=\"\" data-id=\"178\" class=\"wp-image-178\" srcset=\"http:\/\/gerrit-mit-freude-am-leben.de\/wp-content\/uploads\/2018\/08\/3-Kleinkind-1.jpg 269w, http:\/\/gerrit-mit-freude-am-leben.de\/wp-content\/uploads\/2018\/08\/3-Kleinkind-1-254x300.jpg 254w\" sizes=\"auto, (max-width: 269px) 100vw, 269px\" \/><figcaption>Unzertrennlich: Gerrit und Valeska<\/figcaption><\/figure><\/li><\/ul>\n\n\n\n<p style=\"color:#ffffff;font-size:19px\">&#8211;<\/p>\n\n\n\n<p>Gerrit war ein kleiner, starker und gut gelaunter Junge, wie der kleine &#8222;Bam Bam&#8220; in der Serie Fred Feuerstein. Seine Mutter Sybille geriet \u00f6fter in Erziehungsn\u00f6te, aber dem Charme des kleinen Gerrit konnte niemand widerstehen: Wie jeder Junge liebte auch Gerrit Autos und Fahrzeuge, und wenn ein anderes Kind ein gr\u00f6\u00dferes oder sch\u00f6neres Bobby-Car hatte als er, schubste er den Kumpel einfach beiseite und fuhr davon.<\/p>\n\n\n\n<p><\/p>\n\n\n\n<div class=\"wp-block-image\"><figure class=\"alignright is-resized\"><img loading=\"lazy\" decoding=\"async\" src=\"http:\/\/gerrit-mit-freude-am-leben.de\/wp-content\/uploads\/2018\/08\/5-Kleinkind-mit-Trachtenanzug.jpg\" alt=\"\" class=\"wp-image-43\" width=\"261\" height=\"351\" srcset=\"http:\/\/gerrit-mit-freude-am-leben.de\/wp-content\/uploads\/2018\/08\/5-Kleinkind-mit-Trachtenanzug.jpg 533w, http:\/\/gerrit-mit-freude-am-leben.de\/wp-content\/uploads\/2018\/08\/5-Kleinkind-mit-Trachtenanzug-223x300.jpg 223w\" sizes=\"auto, (max-width: 261px) 100vw, 261px\" \/><figcaption>Ein h\u00fcbscher und aufgeweckter Junge<\/figcaption><\/figure><\/div>\n\n\n<p><\/p>\n<p><\/p>\n<p>Im Alter von drei Jahren kam Gerrit in den Kindergarten, und nach ein paar Tagen bat er den Vater um ein Schie\u00dfgewehr, um es dahin mitzunehmen. Dieser fragte erstaunt, wozu er es brauche? Die Antwort: &#8222;Papa, ich muss M\u00e4dchen schie\u00dfen, die sind soooo bl\u00f6d\u2026&#8220; Gerrits erste Lebensjahre sind in vielen Tageb\u00fcchern mit Fotos und Bildern festgehalten, er war und ist der Sonnenschein und der Mittelpunkt der Familie.<\/p>\n\n\n<p style=\"font-size:17px\"><strong>Ein fr\u00fches Ungl\u00fcck<\/strong><\/p>\n\n\n\n<p>Im Alter von vier Jahren geschah das Ungl\u00fcck. Nach den Pfingstferien im schweizerischen Tessin kam die Familie am Abend nach Hause zur\u00fcck, es gab viel zu tun; W\u00e4sche waschen, aufr\u00e4umen, der K\u00fchlschrank war leer. W\u00e4hrend Sybille und die kleine Valeska zum Einkaufen gingen, fuhren Gerrit und seinem leiblichen Vater zu Freunden. Auf der R\u00fcckfahrt schlug das Schicksal zu: Ein betrunkener Fahrer nahm Gerrits Vater die Vorfahrt, es kam zu einem Frontalaufprall auf der Landstra\u00dfe bei einer Geschwindigkeit von 100 Stundenkilometern. Gerrits Kopf wurde stark geschleudert, das R\u00fcckenmark wurde auf der H\u00f6he C1\/C2 durchtrennt. Als die Rettungskr\u00e4fte kamen, atmete Gerrit nicht mehr. Er wurde reanimiert und auf die Intensivstation der Uniklinik Ulm gebracht.<\/p>\n\n\n\n<div class=\"wp-block-image\"><figure class=\"alignleft is-resized\"><img loading=\"lazy\" decoding=\"async\" src=\"http:\/\/gerrit-mit-freude-am-leben.de\/wp-content\/uploads\/2018\/08\/2-S\u00e4ugling.jpg\" alt=\"\" class=\"wp-image-39\" width=\"212\" height=\"286\" srcset=\"http:\/\/gerrit-mit-freude-am-leben.de\/wp-content\/uploads\/2018\/08\/2-S\u00e4ugling.jpg 234w, http:\/\/gerrit-mit-freude-am-leben.de\/wp-content\/uploads\/2018\/08\/2-S\u00e4ugling-223x300.jpg 223w\" sizes=\"auto, (max-width: 212px) 100vw, 212px\" \/><figcaption>Gerrit als Baby im Auto<\/figcaption><\/figure><\/div>\n\n\n\n<p><\/p>\n\n\n\n<p><\/p>\n\n\n\n<p><\/p>\n\n\n\n<p>Seit diesem Tag, dem 6. Juni 2001, ist alles anders als zuvor. Zun\u00e4chst bricht die Welt von allen um Gerrit herum zusammen. Niemand wei\u00df, wie es weitergeht, welches Leben noch m\u00f6glich ist, was aus Gerrit und der Familie werden wird. Es soll alles Menschenm\u00f6gliche getan werden, um ihm ein m\u00f6glichst angenehmes Leben zu erm\u00f6glichen. Jetzt gilt es, etwas ganz Neues zu beginnen mit allen Stolpersteinen, die zu einer solchen Behinderung geh\u00f6ren.<\/p>\n\n\n\n<p><\/p>\n\n\n\n<p><\/p>\n\n\n\n<p style=\"font-size:17px\"><strong><\/strong><\/p>\n\n\n\n<p><strong><\/strong><\/p>\n\n\n\n<p><strong><\/strong><\/p>\n\n\n\n<p><\/p>\n\n\n\n<p><strong>Ein neues Leben f\u00fcr Gerrit<\/strong><\/p>\n\n\n\n<p>Nach vier Wochen auf der Intensivstation wird Gerrit zur Reha nach Heidelberg verlegt, an Weihnachten darf der Kleine zum ersten Mal probehalber wieder nach Achstetten.\u00a0 Alles geht gut zuhause, er darf endlich der Klinik den R\u00fccken kehren. Heute ist Gerrit ein querschnittsgel\u00e4hmter, dauerbeatmeter Mensch. K\u00f6rperlich wie ein 21-J\u00e4hriger gewachsen, wird sich Gerrit nie wieder bewegen und nie wieder selbstst\u00e4ndig atmen k\u00f6nnen. Wahrscheinlich auch nie wieder richtig sprechen k\u00f6nnen.<\/p>\n\n\n\n<p><strong>Die h\u00e4usliche Pflege mit einem Pflegeteam ist ein unverzichtbarer Bestandteil von Gerrits Leben. Ein solches Team aufzubauen, zu erhalten und an die sich ver\u00e4ndernden Voraussetzungen f\u00fcr Gerrits Pflege und Versorgung anzupassen, ist eine gro\u00dfe Daueraufgabe, der sich Gerrits Familie jeden Tag stellt. Wir, Gerrits Eltern und seine Schwester, w\u00fcnschen uns von Herzen, dass wir liebe und aufgeschlossene Menschen finden, die an unserem Leben teilhaben und sich um Gerrits Wohl k\u00fcmmern m\u00f6chten.<\/strong><\/p>\n\n\n\n<p style=\"font-size:20px;text-align:center\"><strong><a href=\"http:\/\/gerrit-mit-freude-am-leben.de\/?page_id=226\">Werde Teil von Gerrits Team. Wir freuen uns auf dich!<\/a><\/strong><\/p>\n","protected":false},"excerpt":{"rendered":"<p>&#8212; &#8211; Gerrit Max kam am 14. Dezember 1997 um 16 Uhr in Ulm zur Welt. Die Schwangerschaft war normal verlaufen, die Geburt war unkompliziert und der kleine Gerrit wuchs<\/p>\n","protected":false},"author":1,"featured_media":0,"parent":0,"menu_order":0,"comment_status":"closed","ping_status":"closed","template":"","meta":{"footnotes":""},"class_list":["post-13","page","type-page","status-publish","hentry"],"_links":{"self":[{"href":"http:\/\/gerrit-mit-freude-am-leben.de\/index.php?rest_route=\/wp\/v2\/pages\/13","targetHints":{"allow":["GET"]}}],"collection":[{"href":"http:\/\/gerrit-mit-freude-am-leben.de\/index.php?rest_route=\/wp\/v2\/pages"}],"about":[{"href":"http:\/\/gerrit-mit-freude-am-leben.de\/index.php?rest_route=\/wp\/v2\/types\/page"}],"author":[{"embeddable":true,"href":"http:\/\/gerrit-mit-freude-am-leben.de\/index.php?rest_route=\/wp\/v2\/users\/1"}],"replies":[{"embeddable":true,"href":"http:\/\/gerrit-mit-freude-am-leben.de\/index.php?rest_route=%2Fwp%2Fv2%2Fcomments&post=13"}],"version-history":[{"count":67,"href":"http:\/\/gerrit-mit-freude-am-leben.de\/index.php?rest_route=\/wp\/v2\/pages\/13\/revisions"}],"predecessor-version":[{"id":978,"href":"http:\/\/gerrit-mit-freude-am-leben.de\/index.php?rest_route=\/wp\/v2\/pages\/13\/revisions\/978"}],"wp:attachment":[{"href":"http:\/\/gerrit-mit-freude-am-leben.de\/index.php?rest_route=%2Fwp%2Fv2%2Fmedia&parent=13"}],"curies":[{"name":"wp","href":"https:\/\/api.w.org\/{rel}","templated":true}]}}